{"id":691,"date":"2023-03-05T17:17:31","date_gmt":"2023-03-05T16:17:31","guid":{"rendered":"https:\/\/test.fsi-kombera.de\/?page_id=691"},"modified":"2023-04-02T17:31:52","modified_gmt":"2023-04-02T16:31:52","slug":"vergabe","status":"publish","type":"page","link":"https:\/\/www.fsi-kombera.de\/index.php\/vergabe\/","title":{"rendered":"Vergabe"},"content":{"rendered":"\t\t<div data-elementor-type=\"wp-page\" data-elementor-id=\"691\" class=\"elementor elementor-691\" data-elementor-post-type=\"page\">\n\t\t\t\t\t\t<section class=\"elementor-section elementor-top-section elementor-element elementor-element-3423760 elementor-section-boxed elementor-section-height-default elementor-section-height-default\" data-id=\"3423760\" data-element_type=\"section\">\n\t\t\t\t\t\t<div class=\"elementor-container elementor-column-gap-default\">\n\t\t\t\t\t<div class=\"elementor-column elementor-col-100 elementor-top-column elementor-element elementor-element-32645a8\" data-id=\"32645a8\" data-element_type=\"column\">\n\t\t\t<div class=\"elementor-widget-wrap elementor-element-populated\">\n\t\t\t\t\t\t<div class=\"elementor-element elementor-element-474158c elementor-widget elementor-widget-text-editor\" data-id=\"474158c\" data-element_type=\"widget\" data-widget_type=\"text-editor.default\">\n\t\t\t\t<div class=\"elementor-widget-container\">\n\t\t\t\t\t\t\t\t\t<p>Neben einer immer komplex werdenden Rechtsmaterie im \u00f6ffentlichen Vergabewesen binden Vergabeverfahren Zeit und Personal. Wir bieten Ihnen eine umfassende Unterst\u00fctzung von der Vorbereitung bis hin zur Konzeptionierung und Durchf\u00fchrung Ihrer \u00f6ffentlichen Vergabeverfahren.<\/p>\t\t\t\t\t\t\t\t<\/div>\n\t\t\t\t<\/div>\n\t\t\t\t<div class=\"elementor-element elementor-element-383662e elementor-widget elementor-widget-heading\" data-id=\"383662e\" data-element_type=\"widget\" data-widget_type=\"heading.default\">\n\t\t\t\t<div class=\"elementor-widget-container\">\n\t\t\t\t\t<h2 class=\"elementor-heading-title elementor-size-default\">Beratung<\/h2>\t\t\t\t<\/div>\n\t\t\t\t<\/div>\n\t\t\t\t<div class=\"elementor-element elementor-element-be3cd29 elementor-tabs-view-vertical elementor-widget elementor-widget-tabs\" data-id=\"be3cd29\" data-element_type=\"widget\" data-widget_type=\"tabs.default\">\n\t\t\t\t<div class=\"elementor-widget-container\">\n\t\t\t\t\t\t\t<div class=\"elementor-tabs\">\n\t\t\t<div class=\"elementor-tabs-wrapper\" role=\"tablist\" >\n\t\t\t\t\t\t\t\t\t<div id=\"elementor-tab-title-1991\" class=\"elementor-tab-title elementor-tab-desktop-title\" aria-selected=\"true\" data-tab=\"1\" role=\"tab\" tabindex=\"0\" aria-controls=\"elementor-tab-content-1991\" aria-expanded=\"false\">Durchf\u00fchrung nationaler und europaweiter Vergabeverfahren <\/div>\n\t\t\t\t\t\t\t\t\t<div id=\"elementor-tab-title-1992\" class=\"elementor-tab-title elementor-tab-desktop-title\" aria-selected=\"false\" data-tab=\"2\" role=\"tab\" tabindex=\"-1\" aria-controls=\"elementor-tab-content-1992\" aria-expanded=\"false\">Unterst\u00fctzung Ihrer Mitarbeiter*innen bei laufenden Vergabeverfahren<\/div>\n\t\t\t\t\t\t\t\t\t<div id=\"elementor-tab-title-1993\" class=\"elementor-tab-title elementor-tab-desktop-title\" aria-selected=\"false\" data-tab=\"3\" role=\"tab\" tabindex=\"-1\" aria-controls=\"elementor-tab-content-1993\" aria-expanded=\"false\">Unterst\u00fctzung bei dem Aufbau einer Zentralen Vergabestelle in Ihrem Haus<\/div>\n\t\t\t\t\t\t\t<\/div>\n\t\t\t<div class=\"elementor-tabs-content-wrapper\" role=\"tablist\" aria-orientation=\"vertical\">\n\t\t\t\t\t\t\t\t\t<div class=\"elementor-tab-title elementor-tab-mobile-title\" aria-selected=\"true\" data-tab=\"1\" role=\"tab\" tabindex=\"0\" aria-controls=\"elementor-tab-content-1991\" aria-expanded=\"false\">Durchf\u00fchrung nationaler und europaweiter Vergabeverfahren <\/div>\n\t\t\t\t\t<div id=\"elementor-tab-content-1991\" class=\"elementor-tab-content elementor-clearfix\" data-tab=\"1\" role=\"tabpanel\" aria-labelledby=\"elementor-tab-title-1991\" tabindex=\"0\" hidden=\"false\"><p>Wir bieten Ihnen die Durchf\u00fchrung Ihrer nationalen und europaweiten Vergabeverfahren im Bereich Liefer- und Dienstleistungen sowie Bauleistungen an.<\/p><p>Wir erledigen Ihre Vergaben effizient und rechtssicher.<\/p><\/div>\n\t\t\t\t\t\t\t\t\t<div class=\"elementor-tab-title elementor-tab-mobile-title\" aria-selected=\"false\" data-tab=\"2\" role=\"tab\" tabindex=\"-1\" aria-controls=\"elementor-tab-content-1992\" aria-expanded=\"false\">Unterst\u00fctzung Ihrer Mitarbeiter*innen bei laufenden Vergabeverfahren<\/div>\n\t\t\t\t\t<div id=\"elementor-tab-content-1992\" class=\"elementor-tab-content elementor-clearfix\" data-tab=\"2\" role=\"tabpanel\" aria-labelledby=\"elementor-tab-title-1992\" tabindex=\"0\" hidden=\"hidden\"><p>Dazu geh\u00f6rt insbesondere:<\/p><ul><li>Beratung bzgl. der Vorbereitung und Durchf\u00fchrung von Vergabeverfahren<\/li><li>Festlegung von Eignungs- und Zuschlagskriterien angepasst auf Ihr Projekt<\/li><li>Beantwortung von Bieterfragen<\/li><li>Aufkl\u00e4rung \u00fcber Mitteilungs- und Bekanntmachungspflichten<\/li><\/ul><\/div>\n\t\t\t\t\t\t\t\t\t<div class=\"elementor-tab-title elementor-tab-mobile-title\" aria-selected=\"false\" data-tab=\"3\" role=\"tab\" tabindex=\"-1\" aria-controls=\"elementor-tab-content-1993\" aria-expanded=\"false\">Unterst\u00fctzung bei dem Aufbau einer Zentralen Vergabestelle in Ihrem Haus<\/div>\n\t\t\t\t\t<div id=\"elementor-tab-content-1993\" class=\"elementor-tab-content elementor-clearfix\" data-tab=\"3\" role=\"tabpanel\" aria-labelledby=\"elementor-tab-title-1993\" tabindex=\"0\" hidden=\"hidden\"><p>Dazu geh\u00f6rt insbesondere:<\/p><ul><li>Ermittlung des Personalbedarfs<\/li><li>Aufbau der Organisationsstruktur<\/li><li>Einrichtung der Vergabeplattform<\/li><li>Erstellen von bed\u00fcrfnisorientierten Vordrucken<\/li><li>Erarbeitung der individuellen Dienstanweisung in Ihrem Haus<\/li><li>Schulung der Fachbereiche bzgl. Beschaffungen aller Art mit der Zentralen Vergabestelle<\/li><li>Unters\u00fctzung bei der Vorbereitung und Durchf\u00fchrung der ersten \u201eeigenen\u201c Vergabeverfahren<\/li><\/ul><\/div>\n\t\t\t\t\t\t\t<\/div>\n\t\t<\/div>\n\t\t\t\t\t\t<\/div>\n\t\t\t\t<\/div>\n\t\t\t\t<div class=\"elementor-element elementor-element-3003eee elementor-widget elementor-widget-heading\" data-id=\"3003eee\" data-element_type=\"widget\" data-widget_type=\"heading.default\">\n\t\t\t\t<div class=\"elementor-widget-container\">\n\t\t\t\t\t<h2 class=\"elementor-heading-title elementor-size-default\">Schulung<\/h2>\t\t\t\t<\/div>\n\t\t\t\t<\/div>\n\t\t\t\t<div class=\"elementor-element elementor-element-51535e1 elementor-tabs-view-vertical elementor-widget elementor-widget-tabs\" data-id=\"51535e1\" data-element_type=\"widget\" data-widget_type=\"tabs.default\">\n\t\t\t\t<div class=\"elementor-widget-container\">\n\t\t\t\t\t\t\t<div class=\"elementor-tabs\">\n\t\t\t<div class=\"elementor-tabs-wrapper\" role=\"tablist\" >\n\t\t\t\t\t\t\t\t\t<div id=\"elementor-tab-title-8521\" class=\"elementor-tab-title elementor-tab-desktop-title\" aria-selected=\"true\" data-tab=\"1\" role=\"tab\" tabindex=\"0\" aria-controls=\"elementor-tab-content-8521\" aria-expanded=\"false\">Individuelle Vor-Ort-Schulungen Ihrer Mitarbeiter*innen an praktischen F\u00e4llen<\/div>\n\t\t\t\t\t\t\t\t\t<div id=\"elementor-tab-title-8522\" class=\"elementor-tab-title elementor-tab-desktop-title\" aria-selected=\"false\" data-tab=\"2\" role=\"tab\" tabindex=\"-1\" aria-controls=\"elementor-tab-content-8522\" aria-expanded=\"false\">Schulung der (Orts-)B\u00fcrgermeister und entscheidungsbefugten Gremien<\/div>\n\t\t\t\t\t\t\t<\/div>\n\t\t\t<div class=\"elementor-tabs-content-wrapper\" role=\"tablist\" aria-orientation=\"vertical\">\n\t\t\t\t\t\t\t\t\t<div class=\"elementor-tab-title elementor-tab-mobile-title\" aria-selected=\"true\" data-tab=\"1\" role=\"tab\" tabindex=\"0\" aria-controls=\"elementor-tab-content-8521\" aria-expanded=\"false\">Individuelle Vor-Ort-Schulungen Ihrer Mitarbeiter*innen an praktischen F\u00e4llen<\/div>\n\t\t\t\t\t<div id=\"elementor-tab-content-8521\" class=\"elementor-tab-content elementor-clearfix\" data-tab=\"1\" role=\"tabpanel\" aria-labelledby=\"elementor-tab-title-8521\" tabindex=\"0\" hidden=\"false\"><p>Wir bieten individuelle Schulungen an, auch abseits der \u00fcblichen Schwellenwert-Thematiken. Im Fokus steht hier die praktische Pr\u00fcfung eines Vergabefalls (u. a. hinsichtlich Findung und Auswertung von Eignungs- und Zuschlagskriterien, etc.) Gerne kann hier auch ein aktueller Fall aus Ihrer Verwaltung zu Schulungszwecken aufbereitet werden.<\/p><\/div>\n\t\t\t\t\t\t\t\t\t<div class=\"elementor-tab-title elementor-tab-mobile-title\" aria-selected=\"false\" data-tab=\"2\" role=\"tab\" tabindex=\"-1\" aria-controls=\"elementor-tab-content-8522\" aria-expanded=\"false\">Schulung der (Orts-)B\u00fcrgermeister und entscheidungsbefugten Gremien<\/div>\n\t\t\t\t\t<div id=\"elementor-tab-content-8522\" class=\"elementor-tab-content elementor-clearfix\" data-tab=\"2\" role=\"tabpanel\" aria-labelledby=\"elementor-tab-title-8522\" tabindex=\"0\" hidden=\"hidden\"><p><span class=\"ui-provider vm b c d e f g h i j k l m n o p q r s t u v w x y z ab ac ae af ag ah ai aj ak\" dir=\"ltr\">Gerne schulen wir Ihre auftragsbefugten Akteure. Hierzu z\u00e4hlen wir den allgemeinen Ablauf der unterschiedlichen Vergabeverfahren sowie die Rolle und Aufgabe, die die entscheidungsbefugten Gremien \u00fcbernehmen. <\/span><\/p><p><span class=\"ui-provider vm b c d e f g h i j k l m n o p q r s t u v w x y z ab ac ae af ag ah ai aj ak\" dir=\"ltr\">Wir empfehlen die Gremien zu sensibilisieren und damit die verwaltungsinternen Abl\u00e4ufe zu optimieren. Schlie\u00dflich wird auch die Akzeptanz durch eine transparente Kommunikation gest\u00e4rkt.<\/span><\/p><\/div>\n\t\t\t\t\t\t\t<\/div>\n\t\t<\/div>\n\t\t\t\t\t\t<\/div>\n\t\t\t\t<\/div>\n\t\t\t\t<div class=\"elementor-element elementor-element-d74fd88 elementor-mobile-align-center elementor-align-center elementor-widget elementor-widget-global elementor-global-849 elementor-widget-button\" data-id=\"d74fd88\" data-element_type=\"widget\" data-widget_type=\"button.default\">\n\t\t\t\t<div class=\"elementor-widget-container\">\n\t\t\t\t\t\t\t\t\t<div class=\"elementor-button-wrapper\">\n\t\t\t\t\t<a class=\"elementor-button elementor-button-link elementor-size-sm elementor-animation-grow\" href=\"https:\/\/www.fsi-kombera.de\/index.php\/kontakt\/\">\n\t\t\t\t\t\t<span class=\"elementor-button-content-wrapper\">\n\t\t\t\t\t\t\t\t\t<span class=\"elementor-button-text\">Ihr individuelles Angebot anfordern<\/span>\n\t\t\t\t\t<\/span>\n\t\t\t\t\t<\/a>\n\t\t\t\t<\/div>\n\t\t\t\t\t\t\t\t<\/div>\n\t\t\t\t<\/div>\n\t\t\t\t\t<\/div>\n\t\t<\/div>\n\t\t\t\t\t<\/div>\n\t\t<\/section>\n\t\t\t\t<\/div>\n\t\t","protected":false},"excerpt":{"rendered":"<p>Neben einer immer komplex werdenden Rechtsmaterie im \u00f6ffentlichen Vergabewesen binden Vergabeverfahren Zeit und Personal. Wir bieten Ihnen eine umfassende Unterst\u00fctzung von der Vorbereitung bis hin zur Konzeptionierung und Durchf\u00fchrung Ihrer \u00f6ffentlichen Vergabeverfahren. Beratung Durchf\u00fchrung nationaler und europaweiter Vergabeverfahren Unterst\u00fctzung Ihrer Mitarbeiter*innen bei laufenden Vergabeverfahren Unterst\u00fctzung bei dem Aufbau einer Zentralen Vergabestelle in Ihrem Haus Durchf\u00fchrung [&hellip;]<\/p>\n","protected":false},"author":1,"featured_media":0,"parent":0,"menu_order":0,"comment_status":"closed","ping_status":"closed","template":"","meta":{"footnotes":""},"class_list":["post-691","page","type-page","status-publish","hentry"],"_links":{"self":[{"href":"https:\/\/www.fsi-kombera.de\/index.php\/wp-json\/wp\/v2\/pages\/691","targetHints":{"allow":["GET"]}}],"collection":[{"href":"https:\/\/www.fsi-kombera.de\/index.php\/wp-json\/wp\/v2\/pages"}],"about":[{"href":"https:\/\/www.fsi-kombera.de\/index.php\/wp-json\/wp\/v2\/types\/page"}],"author":[{"embeddable":true,"href":"https:\/\/www.fsi-kombera.de\/index.php\/wp-json\/wp\/v2\/users\/1"}],"replies":[{"embeddable":true,"href":"https:\/\/www.fsi-kombera.de\/index.php\/wp-json\/wp\/v2\/comments?post=691"}],"version-history":[{"count":56,"href":"https:\/\/www.fsi-kombera.de\/index.php\/wp-json\/wp\/v2\/pages\/691\/revisions"}],"predecessor-version":[{"id":966,"href":"https:\/\/www.fsi-kombera.de\/index.php\/wp-json\/wp\/v2\/pages\/691\/revisions\/966"}],"wp:attachment":[{"href":"https:\/\/www.fsi-kombera.de\/index.php\/wp-json\/wp\/v2\/media?parent=691"}],"curies":[{"name":"wp","href":"https:\/\/api.w.org\/{rel}","templated":true}]}}