{"id":738,"date":"2023-04-02T10:14:41","date_gmt":"2023-04-02T09:14:41","guid":{"rendered":"https:\/\/test.fsi-kombera.de\/?page_id=738"},"modified":"2023-04-02T21:16:41","modified_gmt":"2023-04-02T20:16:41","slug":"it","status":"publish","type":"page","link":"https:\/\/www.fsi-kombera.de\/index.php\/it\/","title":{"rendered":"IT"},"content":{"rendered":"\t\t<div data-elementor-type=\"wp-page\" data-elementor-id=\"738\" class=\"elementor elementor-738\" data-elementor-post-type=\"page\">\n\t\t\t\t\t\t<section class=\"elementor-section elementor-top-section elementor-element elementor-element-f7f2f2d elementor-section-boxed elementor-section-height-default elementor-section-height-default\" data-id=\"f7f2f2d\" data-element_type=\"section\">\n\t\t\t\t\t\t<div class=\"elementor-container elementor-column-gap-default\">\n\t\t\t\t\t<div class=\"elementor-column elementor-col-100 elementor-top-column elementor-element elementor-element-a6361c5\" data-id=\"a6361c5\" data-element_type=\"column\">\n\t\t\t<div class=\"elementor-widget-wrap elementor-element-populated\">\n\t\t\t\t\t\t<div class=\"elementor-element elementor-element-1b09e53 elementor-widget elementor-widget-text-editor\" data-id=\"1b09e53\" data-element_type=\"widget\" data-widget_type=\"text-editor.default\">\n\t\t\t\t<div class=\"elementor-widget-container\">\n\t\t\t\t\t\t\t\t\t<p>Auch hier sind ma\u00dfgeschneiderte Konzepte mit einer zukunftsorientierten Ausrichtung gefragt. Unsere Unterst\u00fctzung hierbei basiert nicht auf k\u00fcnstlicher Intelligenz. Wir stehen Ihnen auch hier pers\u00f6nlich mit Rat und Tat bei der Umsetzung digitaler Fragestellungen und Prozessbegleitungen kompetent zur Seite.<\/p>\t\t\t\t\t\t\t\t<\/div>\n\t\t\t\t<\/div>\n\t\t\t\t<div class=\"elementor-element elementor-element-678ddfc elementor-tabs-view-vertical elementor-widget elementor-widget-tabs\" data-id=\"678ddfc\" data-element_type=\"widget\" data-widget_type=\"tabs.default\">\n\t\t\t\t<div class=\"elementor-widget-container\">\n\t\t\t\t\t\t\t<div class=\"elementor-tabs\">\n\t\t\t<div class=\"elementor-tabs-wrapper\" role=\"tablist\" >\n\t\t\t\t\t\t\t\t\t<div id=\"elementor-tab-title-1081\" class=\"elementor-tab-title elementor-tab-desktop-title\" aria-selected=\"true\" data-tab=\"1\" role=\"tab\" tabindex=\"0\" aria-controls=\"elementor-tab-content-1081\" aria-expanded=\"false\">Unterst\u00fctzung bei der Digitalisierung <\/div>\n\t\t\t\t\t\t\t\t\t<div id=\"elementor-tab-title-1082\" class=\"elementor-tab-title elementor-tab-desktop-title\" aria-selected=\"false\" data-tab=\"2\" role=\"tab\" tabindex=\"-1\" aria-controls=\"elementor-tab-content-1082\" aria-expanded=\"false\">Untersuchung und Optimierung Ihrer EDV<\/div>\n\t\t\t\t\t\t\t\t\t<div id=\"elementor-tab-title-1083\" class=\"elementor-tab-title elementor-tab-desktop-title\" aria-selected=\"false\" data-tab=\"3\" role=\"tab\" tabindex=\"-1\" aria-controls=\"elementor-tab-content-1083\" aria-expanded=\"false\">Untersuchung und Optimierung der IT Sicherheit<\/div>\n\t\t\t\t\t\t\t<\/div>\n\t\t\t<div class=\"elementor-tabs-content-wrapper\" role=\"tablist\" aria-orientation=\"vertical\">\n\t\t\t\t\t\t\t\t\t<div class=\"elementor-tab-title elementor-tab-mobile-title\" aria-selected=\"true\" data-tab=\"1\" role=\"tab\" tabindex=\"0\" aria-controls=\"elementor-tab-content-1081\" aria-expanded=\"false\">Unterst\u00fctzung bei der Digitalisierung <\/div>\n\t\t\t\t\t<div id=\"elementor-tab-content-1081\" class=\"elementor-tab-content elementor-clearfix\" data-tab=\"1\" role=\"tabpanel\" aria-labelledby=\"elementor-tab-title-1081\" tabindex=\"0\" hidden=\"false\"><div>Dazu geh\u00f6rt insbesondere:<\/div><ul><li>Einf\u00fchrung von Ticketsystemen<\/li><li>Onlinezugangsgesetz<\/li><li>Umstellung von Telefonanlagen<\/li><li>Clouddienstleistungen<\/li><li>Sicheres anbinden von Au\u00dfenstellen oder Standorten<\/li><\/ul><\/div>\n\t\t\t\t\t\t\t\t\t<div class=\"elementor-tab-title elementor-tab-mobile-title\" aria-selected=\"false\" data-tab=\"2\" role=\"tab\" tabindex=\"-1\" aria-controls=\"elementor-tab-content-1082\" aria-expanded=\"false\">Untersuchung und Optimierung Ihrer EDV<\/div>\n\t\t\t\t\t<div id=\"elementor-tab-content-1082\" class=\"elementor-tab-content elementor-clearfix\" data-tab=\"2\" role=\"tabpanel\" aria-labelledby=\"elementor-tab-title-1082\" tabindex=\"0\" hidden=\"hidden\"><div>Dazu geh\u00f6rt insbesondere:<\/div><ul><li>\u00dcberpr\u00fcfung des Personalbedarf und der Organsationsstruktur<\/li><li>Prozessoptimierung diverser Workflows<\/li><\/ul><\/div>\n\t\t\t\t\t\t\t\t\t<div class=\"elementor-tab-title elementor-tab-mobile-title\" aria-selected=\"false\" data-tab=\"3\" role=\"tab\" tabindex=\"-1\" aria-controls=\"elementor-tab-content-1083\" aria-expanded=\"false\">Untersuchung und Optimierung der IT Sicherheit<\/div>\n\t\t\t\t\t<div id=\"elementor-tab-content-1083\" class=\"elementor-tab-content elementor-clearfix\" data-tab=\"3\" role=\"tabpanel\" aria-labelledby=\"elementor-tab-title-1083\" tabindex=\"0\" hidden=\"hidden\"><div>Dazu geh\u00f6rt insbesondere:<\/div><ul><li><span style=\"background-color: transparent;\">Erstellung eines Sicherheitskonzept auf Basis des IT Grundschutzes<\/span><\/li><li>\u00dcberpr\u00fcfung und optimieren vorhandener Strukturen<\/li><\/ul><\/div>\n\t\t\t\t\t\t\t<\/div>\n\t\t<\/div>\n\t\t\t\t\t\t<\/div>\n\t\t\t\t<\/div>\n\t\t\t\t<div class=\"elementor-element elementor-element-106273a elementor-mobile-align-center elementor-align-center elementor-widget elementor-widget-global elementor-global-849 elementor-widget-button\" data-id=\"106273a\" data-element_type=\"widget\" data-widget_type=\"button.default\">\n\t\t\t\t<div class=\"elementor-widget-container\">\n\t\t\t\t\t\t\t\t\t<div class=\"elementor-button-wrapper\">\n\t\t\t\t\t<a class=\"elementor-button elementor-button-link elementor-size-sm elementor-animation-grow\" href=\"https:\/\/www.fsi-kombera.de\/index.php\/kontakt\/\">\n\t\t\t\t\t\t<span class=\"elementor-button-content-wrapper\">\n\t\t\t\t\t\t\t\t\t<span class=\"elementor-button-text\">Ihr individuelles Angebot anfordern<\/span>\n\t\t\t\t\t<\/span>\n\t\t\t\t\t<\/a>\n\t\t\t\t<\/div>\n\t\t\t\t\t\t\t\t<\/div>\n\t\t\t\t<\/div>\n\t\t\t\t\t<\/div>\n\t\t<\/div>\n\t\t\t\t\t<\/div>\n\t\t<\/section>\n\t\t\t\t<\/div>\n\t\t","protected":false},"excerpt":{"rendered":"<p>Auch hier sind ma\u00dfgeschneiderte Konzepte mit einer zukunftsorientierten Ausrichtung gefragt. Unsere Unterst\u00fctzung hierbei basiert nicht auf k\u00fcnstlicher Intelligenz. Wir stehen Ihnen auch hier pers\u00f6nlich mit Rat und Tat bei der Umsetzung digitaler Fragestellungen und Prozessbegleitungen kompetent zur Seite. Unterst\u00fctzung bei der Digitalisierung Untersuchung und Optimierung Ihrer EDV Untersuchung und Optimierung der IT Sicherheit Unterst\u00fctzung bei [&hellip;]<\/p>\n","protected":false},"author":1,"featured_media":0,"parent":0,"menu_order":0,"comment_status":"closed","ping_status":"closed","template":"","meta":{"footnotes":""},"class_list":["post-738","page","type-page","status-publish","hentry"],"_links":{"self":[{"href":"https:\/\/www.fsi-kombera.de\/index.php\/wp-json\/wp\/v2\/pages\/738","targetHints":{"allow":["GET"]}}],"collection":[{"href":"https:\/\/www.fsi-kombera.de\/index.php\/wp-json\/wp\/v2\/pages"}],"about":[{"href":"https:\/\/www.fsi-kombera.de\/index.php\/wp-json\/wp\/v2\/types\/page"}],"author":[{"embeddable":true,"href":"https:\/\/www.fsi-kombera.de\/index.php\/wp-json\/wp\/v2\/users\/1"}],"replies":[{"embeddable":true,"href":"https:\/\/www.fsi-kombera.de\/index.php\/wp-json\/wp\/v2\/comments?post=738"}],"version-history":[{"count":28,"href":"https:\/\/www.fsi-kombera.de\/index.php\/wp-json\/wp\/v2\/pages\/738\/revisions"}],"predecessor-version":[{"id":1072,"href":"https:\/\/www.fsi-kombera.de\/index.php\/wp-json\/wp\/v2\/pages\/738\/revisions\/1072"}],"wp:attachment":[{"href":"https:\/\/www.fsi-kombera.de\/index.php\/wp-json\/wp\/v2\/media?parent=738"}],"curies":[{"name":"wp","href":"https:\/\/api.w.org\/{rel}","templated":true}]}}