{"id":818,"date":"2023-04-02T11:53:29","date_gmt":"2023-04-02T10:53:29","guid":{"rendered":"https:\/\/test.fsi-kombera.de\/?page_id=818"},"modified":"2023-04-02T18:07:11","modified_gmt":"2023-04-02T17:07:11","slug":"leitbild","status":"publish","type":"page","link":"https:\/\/www.fsi-kombera.de\/index.php\/leitbild\/","title":{"rendered":"Leitbild"},"content":{"rendered":"\t\t<div data-elementor-type=\"wp-page\" data-elementor-id=\"818\" class=\"elementor elementor-818\" data-elementor-post-type=\"page\">\n\t\t\t\t\t\t<section class=\"elementor-section elementor-top-section elementor-element elementor-element-69e228a elementor-section-boxed elementor-section-height-default elementor-section-height-default\" data-id=\"69e228a\" data-element_type=\"section\">\n\t\t\t\t\t\t<div class=\"elementor-container elementor-column-gap-default\">\n\t\t\t\t\t<div class=\"elementor-column elementor-col-100 elementor-top-column elementor-element elementor-element-4891f15\" data-id=\"4891f15\" data-element_type=\"column\">\n\t\t\t<div class=\"elementor-widget-wrap elementor-element-populated\">\n\t\t\t\t\t\t<div class=\"elementor-element elementor-element-8ddd9c3 elementor-widget elementor-widget-heading\" data-id=\"8ddd9c3\" data-element_type=\"widget\" data-widget_type=\"heading.default\">\n\t\t\t\t<div class=\"elementor-widget-container\">\n\t\t\t\t\t<h2 class=\"elementor-heading-title elementor-size-default\">Vertrauen ist die Basis unseres Handelns!<\/h2>\t\t\t\t<\/div>\n\t\t\t\t<\/div>\n\t\t\t\t\t<\/div>\n\t\t<\/div>\n\t\t\t\t\t<\/div>\n\t\t<\/section>\n\t\t\t\t<section class=\"elementor-section elementor-top-section elementor-element elementor-element-1457e8cd elementor-section-boxed elementor-section-height-default elementor-section-height-default\" data-id=\"1457e8cd\" data-element_type=\"section\">\n\t\t\t\t\t\t<div class=\"elementor-container elementor-column-gap-default\">\n\t\t\t\t\t<div class=\"elementor-column elementor-col-50 elementor-top-column elementor-element elementor-element-1846de5c\" data-id=\"1846de5c\" data-element_type=\"column\">\n\t\t\t<div class=\"elementor-widget-wrap elementor-element-populated\">\n\t\t\t\t\t\t<div class=\"elementor-element elementor-element-7a3c4921 elementor-widget elementor-widget-text-editor\" data-id=\"7a3c4921\" data-element_type=\"widget\" data-widget_type=\"text-editor.default\">\n\t\t\t\t<div class=\"elementor-widget-container\">\n\t\t\t\t\t\t\t\t\t<p><strong>Unser Leitbildgedanke basiert auf 9 S\u00e4ulen, denen wir uns verpflichtet f\u00fchlen.\u00a0<\/strong><\/p><p>Wir\u2026<\/p><ul><li>handeln verantwortungsvoll und sorgf\u00e4ltig.<\/li><li>pflegen einen ehrlichen Umgang und sprechen eine verst\u00e4ndliche Sprache. Komplexe Sachverhalte werden kompetent auf den Punkt gebracht.<\/li><li>erarbeiten realistische und umsetzbare Ergebnisse, die auf die individuellen Bed\u00fcrfnisse unserer Kunden abgestimmt sind.<\/li><li>arbeiten verl\u00e4sslich und termintreu.<\/li><li>arbeiten rational, unter Ber\u00fccksichtigung eines wirtschaftlichen und zweckm\u00e4\u00dfigen Handelns.<\/li><li>denken ambitioniert. Unsere Ziele sind anspruchsvoll und innovativ, aber stets erreichbar.<\/li><li>arbeiten umsichtig und integrieren alle Beteiligten in die jeweiligen Prozesse.<\/li><li>sind erfolgs- und ergebnisorientiert, ohne viel Schnickschnack.<\/li><li>legen Wert auf \u00f6kologische, \u00f6konomische und soziale Nachhaltigkeit.<\/li><\/ul>\t\t\t\t\t\t\t\t<\/div>\n\t\t\t\t<\/div>\n\t\t\t\t\t<\/div>\n\t\t<\/div>\n\t\t\t\t<div class=\"elementor-column elementor-col-50 elementor-top-column elementor-element elementor-element-2a4bdba9\" data-id=\"2a4bdba9\" data-element_type=\"column\">\n\t\t\t<div class=\"elementor-widget-wrap elementor-element-populated\">\n\t\t\t\t\t\t<div class=\"elementor-element elementor-element-7ac907fe elementor-icon-list--layout-traditional elementor-list-item-link-full_width elementor-widget elementor-widget-icon-list\" data-id=\"7ac907fe\" data-element_type=\"widget\" data-widget_type=\"icon-list.default\">\n\t\t\t\t<div class=\"elementor-widget-container\">\n\t\t\t\t\t\t\t<ul class=\"elementor-icon-list-items\">\n\t\t\t\t\t\t\t<li class=\"elementor-icon-list-item\">\n\t\t\t\t\t\t\t\t\t\t\t<span class=\"elementor-icon-list-icon\">\n\t\t\t\t\t\t\t<svg xmlns=\"http:\/\/www.w3.org\/2000\/svg\" viewBox=\"0 0 384 512\"><path d=\"M19.7 34.5c16.3-6.8 35 .9 41.8 17.2L192 364.8 322.5 51.7c6.8-16.3 25.5-24 41.8-17.2s24 25.5 17.2 41.8l-160 384c-5 11.9-16.6 19.7-29.5 19.7s-24.6-7.8-29.5-19.7L2.5 76.3c-6.8-16.3 .9-35 17.2-41.8z\"><\/path><\/svg>\t\t\t\t\t\t<\/span>\n\t\t\t\t\t\t\t\t\t\t<span class=\"elementor-icon-list-text\">erantwortungsvoll<\/span>\n\t\t\t\t\t\t\t\t\t<\/li>\n\t\t\t\t\t\t\t\t<li class=\"elementor-icon-list-item\">\n\t\t\t\t\t\t\t\t\t\t\t<span class=\"elementor-icon-list-icon\">\n\t\t\t\t\t\t\t<svg xmlns=\"http:\/\/www.w3.org\/2000\/svg\" viewBox=\"0 0 320 512\"><path d=\"M64 32C28.7 32 0 60.7 0 96V256 416c0 35.3 28.7 64 64 64H288c17.7 0 32-14.3 32-32s-14.3-32-32-32H64V288H224c17.7 0 32-14.3 32-32s-14.3-32-32-32H64V96H288c17.7 0 32-14.3 32-32s-14.3-32-32-32H64z\"><\/path><\/svg>\t\t\t\t\t\t<\/span>\n\t\t\t\t\t\t\t\t\t\t<span class=\"elementor-icon-list-text\">hrlich<\/span>\n\t\t\t\t\t\t\t\t\t<\/li>\n\t\t\t\t\t\t\t\t<li class=\"elementor-icon-list-item\">\n\t\t\t\t\t\t\t\t\t\t\t<span class=\"elementor-icon-list-icon\">\n\t\t\t\t\t\t\t<svg xmlns=\"http:\/\/www.w3.org\/2000\/svg\" viewBox=\"0 0 320 512\"><path d=\"M64 32C28.7 32 0 60.7 0 96V288 448c0 17.7 14.3 32 32 32s32-14.3 32-32V320h95.3L261.8 466.4c10.1 14.5 30.1 18 44.6 7.9s18-30.1 7.9-44.6L230.1 309.5C282.8 288.1 320 236.4 320 176c0-79.5-64.5-144-144-144H64zM176 256H64V96H176c44.2 0 80 35.8 80 80s-35.8 80-80 80z\"><\/path><\/svg>\t\t\t\t\t\t<\/span>\n\t\t\t\t\t\t\t\t\t\t<span class=\"elementor-icon-list-text\">ealistisch<\/span>\n\t\t\t\t\t\t\t\t\t<\/li>\n\t\t\t\t\t\t\t\t<li class=\"elementor-icon-list-item\">\n\t\t\t\t\t\t\t\t\t\t\t<span class=\"elementor-icon-list-icon\">\n\t\t\t\t\t\t\t<svg xmlns=\"http:\/\/www.w3.org\/2000\/svg\" viewBox=\"0 0 384 512\"><path d=\"M32 32C14.3 32 0 46.3 0 64S14.3 96 32 96H160V448c0 17.7 14.3 32 32 32s32-14.3 32-32V96H352c17.7 0 32-14.3 32-32s-14.3-32-32-32H192 32z\"><\/path><\/svg>\t\t\t\t\t\t<\/span>\n\t\t\t\t\t\t\t\t\t\t<span class=\"elementor-icon-list-text\">ermintreu<\/span>\n\t\t\t\t\t\t\t\t\t<\/li>\n\t\t\t\t\t\t\t\t<li class=\"elementor-icon-list-item\">\n\t\t\t\t\t\t\t\t\t\t\t<span class=\"elementor-icon-list-icon\">\n\t\t\t\t\t\t\t<svg xmlns=\"http:\/\/www.w3.org\/2000\/svg\" viewBox=\"0 0 320 512\"><path d=\"M64 32C28.7 32 0 60.7 0 96V288 448c0 17.7 14.3 32 32 32s32-14.3 32-32V320h95.3L261.8 466.4c10.1 14.5 30.1 18 44.6 7.9s18-30.1 7.9-44.6L230.1 309.5C282.8 288.1 320 236.4 320 176c0-79.5-64.5-144-144-144H64zM176 256H64V96H176c44.2 0 80 35.8 80 80s-35.8 80-80 80z\"><\/path><\/svg>\t\t\t\t\t\t<\/span>\n\t\t\t\t\t\t\t\t\t\t<span class=\"elementor-icon-list-text\">ational<\/span>\n\t\t\t\t\t\t\t\t\t<\/li>\n\t\t\t\t\t\t\t\t<li class=\"elementor-icon-list-item\">\n\t\t\t\t\t\t\t\t\t\t\t<span class=\"elementor-icon-list-icon\">\n\t\t\t\t\t\t\t<svg xmlns=\"http:\/\/www.w3.org\/2000\/svg\" viewBox=\"0 0 384 512\"><path d=\"M221.5 51.7C216.6 39.8 204.9 32 192 32s-24.6 7.8-29.5 19.7l-120 288-40 96c-6.8 16.3 .9 35 17.2 41.8s35-.9 41.8-17.2L93.3 384H290.7l31.8 76.3c6.8 16.3 25.5 24 41.8 17.2s24-25.5 17.2-41.8l-40-96-120-288zM264 320H120l72-172.8L264 320z\"><\/path><\/svg>\t\t\t\t\t\t<\/span>\n\t\t\t\t\t\t\t\t\t\t<span class=\"elementor-icon-list-text\">mbitioniert<\/span>\n\t\t\t\t\t\t\t\t\t<\/li>\n\t\t\t\t\t\t\t\t<li class=\"elementor-icon-list-item\">\n\t\t\t\t\t\t\t\t\t\t\t<span class=\"elementor-icon-list-icon\">\n\t\t\t\t\t\t\t<svg xmlns=\"http:\/\/www.w3.org\/2000\/svg\" viewBox=\"0 0 384 512\"><path d=\"M32 32c17.7 0 32 14.3 32 32V288c0 70.7 57.3 128 128 128s128-57.3 128-128V64c0-17.7 14.3-32 32-32s32 14.3 32 32V288c0 106-86 192-192 192S0 394 0 288V64C0 46.3 14.3 32 32 32z\"><\/path><\/svg>\t\t\t\t\t\t<\/span>\n\t\t\t\t\t\t\t\t\t\t<span class=\"elementor-icon-list-text\">msichtig<\/span>\n\t\t\t\t\t\t\t\t\t<\/li>\n\t\t\t\t\t\t\t\t<li class=\"elementor-icon-list-item\">\n\t\t\t\t\t\t\t\t\t\t\t<span class=\"elementor-icon-list-icon\">\n\t\t\t\t\t\t\t<svg xmlns=\"http:\/\/www.w3.org\/2000\/svg\" viewBox=\"0 0 320 512\"><path d=\"M64 32C28.7 32 0 60.7 0 96V256 416c0 35.3 28.7 64 64 64H288c17.7 0 32-14.3 32-32s-14.3-32-32-32H64V288H224c17.7 0 32-14.3 32-32s-14.3-32-32-32H64V96H288c17.7 0 32-14.3 32-32s-14.3-32-32-32H64z\"><\/path><\/svg>\t\t\t\t\t\t<\/span>\n\t\t\t\t\t\t\t\t\t\t<span class=\"elementor-icon-list-text\">rfolgsorientiert<\/span>\n\t\t\t\t\t\t\t\t\t<\/li>\n\t\t\t\t\t\t\t\t<li class=\"elementor-icon-list-item\">\n\t\t\t\t\t\t\t\t\t\t\t<span class=\"elementor-icon-list-icon\">\n\t\t\t\t\t\t\t<svg xmlns=\"http:\/\/www.w3.org\/2000\/svg\" viewBox=\"0 0 384 512\"><path d=\"M21.1 33.9c12.7-4.6 26.9-.7 35.5 9.6L320 359.6V64c0-17.7 14.3-32 32-32s32 14.3 32 32V448c0 13.5-8.4 25.5-21.1 30.1s-26.9 .7-35.5-9.6L64 152.4V448c0 17.7-14.3 32-32 32s-32-14.3-32-32V64C0 50.5 8.4 38.5 21.1 33.9z\"><\/path><\/svg>\t\t\t\t\t\t<\/span>\n\t\t\t\t\t\t\t\t\t\t<span class=\"elementor-icon-list-text\">achhaltig<\/span>\n\t\t\t\t\t\t\t\t\t<\/li>\n\t\t\t\t\t\t<\/ul>\n\t\t\t\t\t\t<\/div>\n\t\t\t\t<\/div>\n\t\t\t\t\t<\/div>\n\t\t<\/div>\n\t\t\t\t\t<\/div>\n\t\t<\/section>\n\t\t\t\t<\/div>\n\t\t","protected":false},"excerpt":{"rendered":"<p>Vertrauen ist die Basis unseres Handelns! Unser Leitbildgedanke basiert auf 9 S\u00e4ulen, denen wir uns verpflichtet f\u00fchlen.\u00a0 Wir\u2026 handeln verantwortungsvoll und sorgf\u00e4ltig. pflegen einen ehrlichen Umgang und sprechen eine verst\u00e4ndliche Sprache. Komplexe Sachverhalte werden kompetent auf den Punkt gebracht. erarbeiten realistische und umsetzbare Ergebnisse, die auf die individuellen Bed\u00fcrfnisse unserer Kunden abgestimmt sind. arbeiten verl\u00e4sslich [&hellip;]<\/p>\n","protected":false},"author":1,"featured_media":0,"parent":0,"menu_order":0,"comment_status":"closed","ping_status":"closed","template":"","meta":{"footnotes":""},"class_list":["post-818","page","type-page","status-publish","hentry"],"_links":{"self":[{"href":"https:\/\/www.fsi-kombera.de\/index.php\/wp-json\/wp\/v2\/pages\/818","targetHints":{"allow":["GET"]}}],"collection":[{"href":"https:\/\/www.fsi-kombera.de\/index.php\/wp-json\/wp\/v2\/pages"}],"about":[{"href":"https:\/\/www.fsi-kombera.de\/index.php\/wp-json\/wp\/v2\/types\/page"}],"author":[{"embeddable":true,"href":"https:\/\/www.fsi-kombera.de\/index.php\/wp-json\/wp\/v2\/users\/1"}],"replies":[{"embeddable":true,"href":"https:\/\/www.fsi-kombera.de\/index.php\/wp-json\/wp\/v2\/comments?post=818"}],"version-history":[{"count":13,"href":"https:\/\/www.fsi-kombera.de\/index.php\/wp-json\/wp\/v2\/pages\/818\/revisions"}],"predecessor-version":[{"id":1016,"href":"https:\/\/www.fsi-kombera.de\/index.php\/wp-json\/wp\/v2\/pages\/818\/revisions\/1016"}],"wp:attachment":[{"href":"https:\/\/www.fsi-kombera.de\/index.php\/wp-json\/wp\/v2\/media?parent=818"}],"curies":[{"name":"wp","href":"https:\/\/api.w.org\/{rel}","templated":true}]}}